{"id":1078,"date":"2023-10-03T14:53:04","date_gmt":"2023-10-03T12:53:04","guid":{"rendered":"https:\/\/mfm-avocat.fr\/?page_id=1078"},"modified":"2023-10-03T15:30:28","modified_gmt":"2023-10-03T13:30:28","slug":"politique","status":"publish","type":"page","link":"https:\/\/mfm-avocat.fr\/index.php\/politique\/","title":{"rendered":"Politique de confidentialit\u00e9"},"content":{"rendered":"\t\t<div data-elementor-type=\"wp-page\" data-elementor-id=\"1078\" class=\"elementor elementor-1078\">\n\t\t\t\t\t\t<section class=\"elementor-section elementor-top-section elementor-element elementor-element-cfa04fa elementor-section-height-min-height elementor-section-boxed elementor-section-height-default elementor-section-items-middle\" data-id=\"cfa04fa\" data-element_type=\"section\" data-e-type=\"section\" data-settings=\"{&quot;background_background&quot;:&quot;classic&quot;}\">\n\t\t\t\t\t\t\t<div class=\"elementor-background-overlay\"><\/div>\n\t\t\t\t\t\t\t<div class=\"elementor-container elementor-column-gap-no\">\n\t\t\t\t\t<div class=\"elementor-column elementor-col-100 elementor-top-column elementor-element elementor-element-50baead\" data-id=\"50baead\" data-element_type=\"column\" data-e-type=\"column\">\n\t\t\t<div class=\"elementor-widget-wrap elementor-element-populated\">\n\t\t\t\t\t\t<div class=\"elementor-element elementor-element-2a72416 elementor-widget elementor-widget-heading\" data-id=\"2a72416\" data-element_type=\"widget\" data-e-type=\"widget\" data-widget_type=\"heading.default\">\n\t\t\t\t<div class=\"elementor-widget-container\">\n\t\t\t\t\t<h2 class=\"elementor-heading-title elementor-size-default\">Politique de confidentialit\u00e9<\/h2>\t\t\t\t<\/div>\n\t\t\t\t<\/div>\n\t\t\t\t\t<\/div>\n\t\t<\/div>\n\t\t\t\t\t<\/div>\n\t\t<\/section>\n\t\t\t\t<section class=\"elementor-section elementor-top-section elementor-element elementor-element-ba1250c elementor-section-boxed elementor-section-height-default elementor-section-height-default\" data-id=\"ba1250c\" data-element_type=\"section\" data-e-type=\"section\">\n\t\t\t\t\t\t<div class=\"elementor-container elementor-column-gap-no\">\n\t\t\t\t\t<div class=\"elementor-column elementor-col-100 elementor-top-column elementor-element elementor-element-66d4b59\" data-id=\"66d4b59\" data-element_type=\"column\" data-e-type=\"column\">\n\t\t\t<div class=\"elementor-widget-wrap elementor-element-populated\">\n\t\t\t\t\t\t<div class=\"elementor-element elementor-element-14570d9 elementor-widget-divider--view-line elementor-widget elementor-widget-divider\" data-id=\"14570d9\" data-element_type=\"widget\" data-e-type=\"widget\" data-widget_type=\"divider.default\">\n\t\t\t\t<div class=\"elementor-widget-container\">\n\t\t\t\t\t\t\t<div class=\"elementor-divider\">\n\t\t\t<span class=\"elementor-divider-separator\">\n\t\t\t\t\t\t<\/span>\n\t\t<\/div>\n\t\t\t\t\t\t<\/div>\n\t\t\t\t<\/div>\n\t\t\t\t<div class=\"elementor-element elementor-element-5bfc9b2 elementor-widget elementor-widget-heading\" data-id=\"5bfc9b2\" data-element_type=\"widget\" data-e-type=\"widget\" data-widget_type=\"heading.default\">\n\t\t\t\t<div class=\"elementor-widget-container\">\n\t\t\t\t\t<h3 class=\"elementor-heading-title elementor-size-default\">Donn\u00e9es personnelles<\/h3>\t\t\t\t<\/div>\n\t\t\t\t<\/div>\n\t\t\t\t<div class=\"elementor-element elementor-element-237b771 elementor-widget elementor-widget-text-editor\" data-id=\"237b771\" data-element_type=\"widget\" data-e-type=\"widget\" data-widget_type=\"text-editor.default\">\n\t\t\t\t<div class=\"elementor-widget-container\">\n\t\t\t\t\t\t\t\t\t<p>Vos donn\u00e9es personnelles (nom, pr\u00e9nom, num\u00e9ro de t\u00e9l\u00e9phone, adresse email&#8230;) peuvent \u00eatre collect\u00e9es par\u00a0 Me FORNES-MARIN Mar\u00e9va, notamment pour recueillir vos demandes d&rsquo;informations et afin de pouvoir y r\u00e9pondre. Les donn\u00e9es personnelles collect\u00e9es sont limit\u00e9es au strict minimum.\u00a0<br \/>A ce titre, Me FORNES-MARIN Mar\u00e9va est la seule destinataire de vos donn\u00e9es personnelles.\u00a0<br \/>Le traitement de vos donn\u00e9es personnelles est fond\u00e9 :\u00a0<br \/>&#8211; Sur votre consentement pour tous les cas o\u00f9 vous confiez vous-m\u00eame vos donn\u00e9es personnelles pour b\u00e9n\u00e9ficier d&rsquo;un service propos\u00e9 par Ma\u00eetre FORNES-MARIN Mar\u00e9va mais qui ne rel\u00e8ve pas de ses obligations l\u00e9gales. Votre consentement peut \u00eatre retir\u00e9 \u00e0 tout moment.\u00a0<br \/>&#8211; Sur l&rsquo;ex\u00e9cution de mesures pr\u00e9contractuelles prises \u00e0 la demande de la personne concern\u00e9e et de l&rsquo;int\u00e9r\u00eat l\u00e9gitime de Ma\u00eetre FORNES-MARIN Mar\u00e9va de communiquer avec elle.\u00a0<br \/><br \/>Vos donn\u00e9es personnelles sont conserv\u00e9es pour la dur\u00e9e strictement n\u00e9cessairement au traitement de votre demande, puis pendant la dur\u00e9e des prescriptions l\u00e9gales applicables en cas de litige.\u00a0<br \/><br \/>Vous disposez d&rsquo;un droit d&rsquo;acc\u00e8s, de rectification, d&rsquo;effacement et d&rsquo;opposition que vous pouvez librement exercer en adressant votre demande \u00e0 mfm@mfm-avocat.fr.\u00a0<\/p><p>\u00a0<\/p>\t\t\t\t\t\t\t\t<\/div>\n\t\t\t\t<\/div>\n\t\t\t\t<div class=\"elementor-element elementor-element-9c9fc2e elementor-widget-divider--view-line elementor-widget elementor-widget-divider\" data-id=\"9c9fc2e\" data-element_type=\"widget\" data-e-type=\"widget\" data-widget_type=\"divider.default\">\n\t\t\t\t<div class=\"elementor-widget-container\">\n\t\t\t\t\t\t\t<div class=\"elementor-divider\">\n\t\t\t<span class=\"elementor-divider-separator\">\n\t\t\t\t\t\t<\/span>\n\t\t<\/div>\n\t\t\t\t\t\t<\/div>\n\t\t\t\t<\/div>\n\t\t\t\t<div class=\"elementor-element elementor-element-125c7ac elementor-widget elementor-widget-heading\" data-id=\"125c7ac\" data-element_type=\"widget\" data-e-type=\"widget\" data-widget_type=\"heading.default\">\n\t\t\t\t<div class=\"elementor-widget-container\">\n\t\t\t\t\t<h3 class=\"elementor-heading-title elementor-size-default\">Cookies<\/h3>\t\t\t\t<\/div>\n\t\t\t\t<\/div>\n\t\t\t\t<div class=\"elementor-element elementor-element-2ba0525 elementor-widget elementor-widget-text-editor\" data-id=\"2ba0525\" data-element_type=\"widget\" data-e-type=\"widget\" data-widget_type=\"text-editor.default\">\n\t\t\t\t<div class=\"elementor-widget-container\">\n\t\t\t\t\t\t\t\t\t<p>En vous connectant sur le site du cabinet de Me FORNES-MARIN, vous acceptez qu&rsquo;un certain nombre de cookies (t\u00e9moins de connexion) soient cr\u00e9\u00e9s et d\u00e9pos\u00e9s sur votre ordinateur, tablette ou smartphone pour enregistrer vos informations de connexions et vos pr\u00e9f\u00e9rences d&rsquo;\u00e9cran. La dur\u00e9e de vie d&rsquo;un cookie de connexion est de deux jours, celle d&rsquo;un cookie d&rsquo;option d&rsquo;\u00e9cran est d&rsquo;un an.&nbsp;<br>En aucun cas le cabinet de Me FORNES-MARIN ne peut identifier un utilisateur par un cookie.&nbsp;<br>En pratique, l&rsquo;utilisation des cookies a pour finalit\u00e9:&nbsp;<br>&#8211; adapter la pr\u00e9sentation du site aux caract\u00e9ristiques de votre terminal (r\u00e9solution, syst\u00e8me d&rsquo;exploitation, type de terminal utilis\u00e9 etc&#8230;);&nbsp;<br>&#8211; mettre en oeuvre des mesures de s\u00e9curit\u00e9 ou de protection du site web;&nbsp;<br>&#8211; m\u00e9moriser des informations que vous avez saisies ou demand\u00e9es via des formulaires que vous remplissez sur le site;&nbsp;<br>&#8211; d\u00e9tecter les probl\u00e9matiques de navigation;&nbsp;<br>&#8211; \u00e9valuer la pertinence des contenus publi\u00e9s et l&rsquo;ergonomie du site;&nbsp;<br><\/p>\t\t\t\t\t\t\t\t<\/div>\n\t\t\t\t<\/div>\n\t\t\t\t\t<\/div>\n\t\t<\/div>\n\t\t\t\t\t<\/div>\n\t\t<\/section>\n\t\t\t\t<\/div>\n\t\t","protected":false},"excerpt":{"rendered":"<p>Politique de confidentialit\u00e9 Donn\u00e9es personnelles Vos donn\u00e9es personnelles (nom, pr\u00e9nom, num\u00e9ro de t\u00e9l\u00e9phone, adresse email&#8230;) peuvent \u00eatre collect\u00e9es par\u00a0 Me FORNES-MARIN Mar\u00e9va, notamment pour recueillir vos demandes d&rsquo;informations et afin de pouvoir y r\u00e9pondre. Les donn\u00e9es personnelles collect\u00e9es sont limit\u00e9es au strict minimum.\u00a0A ce titre, Me FORNES-MARIN Mar\u00e9va est la seule destinataire de vos donn\u00e9es [&hellip;]<\/p>\n","protected":false},"author":1,"featured_media":0,"parent":0,"menu_order":0,"comment_status":"closed","ping_status":"closed","template":"","meta":{"site-sidebar-layout":"no-sidebar","site-content-layout":"page-builder","ast-site-content-layout":"full-width-container","site-content-style":"default","site-sidebar-style":"default","ast-global-header-display":"","ast-banner-title-visibility":"","ast-main-header-display":"","ast-hfb-above-header-display":"","ast-hfb-below-header-display":"","ast-hfb-mobile-header-display":"","site-post-title":"disabled","ast-breadcrumbs-content":"","ast-featured-img":"disabled","footer-sml-layout":"","ast-disable-related-posts":"","theme-transparent-header-meta":"","adv-header-id-meta":"","stick-header-meta":"","header-above-stick-meta":"","header-main-stick-meta":"","header-below-stick-meta":"","astra-migrate-meta-layouts":"set","ast-page-background-enabled":"default","ast-page-background-meta":{"desktop":{"background-color":"","background-image":"","background-repeat":"repeat","background-position":"center center","background-size":"auto","background-attachment":"scroll","background-type":"","background-media":"","overlay-type":"","overlay-color":"","overlay-opacity":"","overlay-gradient":""},"tablet":{"background-color":"","background-image":"","background-repeat":"repeat","background-position":"center center","background-size":"auto","background-attachment":"scroll","background-type":"","background-media":"","overlay-type":"","overlay-color":"","overlay-opacity":"","overlay-gradient":""},"mobile":{"background-color":"","background-image":"","background-repeat":"repeat","background-position":"center center","background-size":"auto","background-attachment":"scroll","background-type":"","background-media":"","overlay-type":"","overlay-color":"","overlay-opacity":"","overlay-gradient":""}},"ast-content-background-meta":{"desktop":{"background-color":"var(--ast-global-color-5)","background-image":"","background-repeat":"repeat","background-position":"center center","background-size":"auto","background-attachment":"scroll","background-type":"","background-media":"","overlay-type":"","overlay-color":"","overlay-opacity":"","overlay-gradient":""},"tablet":{"background-color":"var(--ast-global-color-5)","background-image":"","background-repeat":"repeat","background-position":"center center","background-size":"auto","background-attachment":"scroll","background-type":"","background-media":"","overlay-type":"","overlay-color":"","overlay-opacity":"","overlay-gradient":""},"mobile":{"background-color":"var(--ast-global-color-5)","background-image":"","background-repeat":"repeat","background-position":"center center","background-size":"auto","background-attachment":"scroll","background-type":"","background-media":"","overlay-type":"","overlay-color":"","overlay-opacity":"","overlay-gradient":""}},"footnotes":""},"class_list":["post-1078","page","type-page","status-publish","hentry"],"_links":{"self":[{"href":"https:\/\/mfm-avocat.fr\/index.php\/wp-json\/wp\/v2\/pages\/1078","targetHints":{"allow":["GET"]}}],"collection":[{"href":"https:\/\/mfm-avocat.fr\/index.php\/wp-json\/wp\/v2\/pages"}],"about":[{"href":"https:\/\/mfm-avocat.fr\/index.php\/wp-json\/wp\/v2\/types\/page"}],"author":[{"embeddable":true,"href":"https:\/\/mfm-avocat.fr\/index.php\/wp-json\/wp\/v2\/users\/1"}],"replies":[{"embeddable":true,"href":"https:\/\/mfm-avocat.fr\/index.php\/wp-json\/wp\/v2\/comments?post=1078"}],"version-history":[{"count":9,"href":"https:\/\/mfm-avocat.fr\/index.php\/wp-json\/wp\/v2\/pages\/1078\/revisions"}],"predecessor-version":[{"id":1211,"href":"https:\/\/mfm-avocat.fr\/index.php\/wp-json\/wp\/v2\/pages\/1078\/revisions\/1211"}],"wp:attachment":[{"href":"https:\/\/mfm-avocat.fr\/index.php\/wp-json\/wp\/v2\/media?parent=1078"}],"curies":[{"name":"wp","href":"https:\/\/api.w.org\/{rel}","templated":true}]}}