{"id":1105,"date":"2023-10-03T19:27:56","date_gmt":"2023-10-03T17:27:56","guid":{"rendered":"https:\/\/mfm-avocat.fr\/?page_id=1105"},"modified":"2026-02-26T18:15:47","modified_gmt":"2026-02-26T17:15:47","slug":"honoraires","status":"publish","type":"page","link":"https:\/\/mfm-avocat.fr\/index.php\/honoraires\/","title":{"rendered":"Honoraires"},"content":{"rendered":"\t\t<div data-elementor-type=\"wp-page\" data-elementor-id=\"1105\" class=\"elementor elementor-1105\">\n\t\t\t\t\t\t<section class=\"elementor-section elementor-top-section elementor-element elementor-element-14bf17a elementor-section-height-min-height elementor-section-boxed elementor-section-height-default elementor-section-items-middle\" data-id=\"14bf17a\" data-element_type=\"section\" data-e-type=\"section\" data-settings=\"{&quot;background_background&quot;:&quot;classic&quot;}\">\n\t\t\t\t\t\t\t<div class=\"elementor-background-overlay\"><\/div>\n\t\t\t\t\t\t\t<div class=\"elementor-container elementor-column-gap-no\">\n\t\t\t\t\t<div class=\"elementor-column elementor-col-100 elementor-top-column elementor-element elementor-element-f9f89d1\" data-id=\"f9f89d1\" data-element_type=\"column\" data-e-type=\"column\">\n\t\t\t<div class=\"elementor-widget-wrap elementor-element-populated\">\n\t\t\t\t\t\t<div class=\"elementor-element elementor-element-9753bef elementor-widget elementor-widget-heading\" data-id=\"9753bef\" data-element_type=\"widget\" data-e-type=\"widget\" data-widget_type=\"heading.default\">\n\t\t\t\t<div class=\"elementor-widget-container\">\n\t\t\t\t\t<h2 class=\"elementor-heading-title elementor-size-default\">Honoraires<\/h2>\t\t\t\t<\/div>\n\t\t\t\t<\/div>\n\t\t\t\t\t<\/div>\n\t\t<\/div>\n\t\t\t\t\t<\/div>\n\t\t<\/section>\n\t\t\t\t<section class=\"elementor-section elementor-top-section elementor-element elementor-element-71d87c8 elementor-section-boxed elementor-section-height-default elementor-section-height-default\" data-id=\"71d87c8\" data-element_type=\"section\" data-e-type=\"section\">\n\t\t\t\t\t\t<div class=\"elementor-container elementor-column-gap-no\">\n\t\t\t\t\t<div class=\"elementor-column elementor-col-100 elementor-top-column elementor-element elementor-element-45328d8\" data-id=\"45328d8\" data-element_type=\"column\" data-e-type=\"column\">\n\t\t\t<div class=\"elementor-widget-wrap elementor-element-populated\">\n\t\t\t\t\t\t<div class=\"elementor-element elementor-element-8931477 elementor-widget-divider--view-line elementor-widget elementor-widget-divider\" data-id=\"8931477\" data-element_type=\"widget\" data-e-type=\"widget\" data-widget_type=\"divider.default\">\n\t\t\t\t<div class=\"elementor-widget-container\">\n\t\t\t\t\t\t\t<div class=\"elementor-divider\">\n\t\t\t<span class=\"elementor-divider-separator\">\n\t\t\t\t\t\t<\/span>\n\t\t<\/div>\n\t\t\t\t\t\t<\/div>\n\t\t\t\t<\/div>\n\t\t\t\t<div class=\"elementor-element elementor-element-e2ce58f elementor-widget elementor-widget-text-editor\" data-id=\"e2ce58f\" data-element_type=\"widget\" data-e-type=\"widget\" data-widget_type=\"text-editor.default\">\n\t\t\t\t<div class=\"elementor-widget-container\">\n\t\t\t\t\t\t\t\t\t<p>Le cabinet fonctionnement <strong>principalement au forfait<\/strong>, avec une convention d&rsquo;honoraires \u00e9tablie <strong>avant le d\u00e9but de la mission<\/strong> afin de garantir une totale transparence et de s\u00e9curiser la relation avec le client.\u00a0<\/p><p>Dans certains dossiers, il est possible de pr\u00e9voir un <strong>honoraire de r\u00e9sultat<\/strong>, li\u00e9 \u00e0 l&rsquo;issue favorable de la proc\u00e9dure.\u00a0<\/p><p>Pour les proc\u00e9dures les plus complexes, les honoraires peuvent \u00eatre calcul\u00e9s au temps pass\u00e9, en fonction du taux horaire fix\u00e9 d\u00e8s le premier rendez-vous et tenant compte de la difficult\u00e9 du dossier et des frais engag\u00e9s.\u00a0<\/p><p>Le cabinet accepte \u00e9galement de travailler \u00e0 l&rsquo;<strong>aide juridictionnelle<\/strong>, sous conditions de ressources et en fonction de la complexit\u00e9 pr\u00e9visible de l&rsquo;affaire.\u00a0<\/p><p>Le <strong>premier rendez-vous<\/strong> de 30 minutes est factur\u00e9 <strong>50 euros HT<\/strong>, permettant d&rsquo;analyser rapidement votre situation et de d\u00e9finir la meilleure strat\u00e9gie \u00e0 adopter.<\/p><p>Le cabinet ne donne pas de consultation gratuite.\u00a0\u00a0<\/p>\t\t\t\t\t\t\t\t<\/div>\n\t\t\t\t<\/div>\n\t\t\t\t\t<\/div>\n\t\t<\/div>\n\t\t\t\t\t<\/div>\n\t\t<\/section>\n\t\t\t\t<\/div>\n\t\t","protected":false},"excerpt":{"rendered":"<p>Honoraires Le cabinet fonctionnement principalement au forfait, avec une convention d&rsquo;honoraires \u00e9tablie avant le d\u00e9but de la mission afin de garantir une totale transparence et de s\u00e9curiser la relation avec le client.\u00a0 Dans certains dossiers, il est possible de pr\u00e9voir un honoraire de r\u00e9sultat, li\u00e9 \u00e0 l&rsquo;issue favorable de la proc\u00e9dure.\u00a0 Pour les proc\u00e9dures les [&hellip;]<\/p>\n","protected":false},"author":1,"featured_media":0,"parent":0,"menu_order":0,"comment_status":"closed","ping_status":"closed","template":"","meta":{"site-sidebar-layout":"no-sidebar","site-content-layout":"page-builder","ast-site-content-layout":"full-width-container","site-content-style":"default","site-sidebar-style":"default","ast-global-header-display":"","ast-banner-title-visibility":"","ast-main-header-display":"","ast-hfb-above-header-display":"","ast-hfb-below-header-display":"","ast-hfb-mobile-header-display":"","site-post-title":"disabled","ast-breadcrumbs-content":"","ast-featured-img":"disabled","footer-sml-layout":"","ast-disable-related-posts":"","theme-transparent-header-meta":"","adv-header-id-meta":"","stick-header-meta":"","header-above-stick-meta":"","header-main-stick-meta":"","header-below-stick-meta":"","astra-migrate-meta-layouts":"set","ast-page-background-enabled":"default","ast-page-background-meta":{"desktop":{"background-color":"","background-image":"","background-repeat":"repeat","background-position":"center center","background-size":"auto","background-attachment":"scroll","background-type":"","background-media":"","overlay-type":"","overlay-color":"","overlay-opacity":"","overlay-gradient":""},"tablet":{"background-color":"","background-image":"","background-repeat":"repeat","background-position":"center center","background-size":"auto","background-attachment":"scroll","background-type":"","background-media":"","overlay-type":"","overlay-color":"","overlay-opacity":"","overlay-gradient":""},"mobile":{"background-color":"","background-image":"","background-repeat":"repeat","background-position":"center center","background-size":"auto","background-attachment":"scroll","background-type":"","background-media":"","overlay-type":"","overlay-color":"","overlay-opacity":"","overlay-gradient":""}},"ast-content-background-meta":{"desktop":{"background-color":"var(--ast-global-color-5)","background-image":"","background-repeat":"repeat","background-position":"center center","background-size":"auto","background-attachment":"scroll","background-type":"","background-media":"","overlay-type":"","overlay-color":"","overlay-opacity":"","overlay-gradient":""},"tablet":{"background-color":"var(--ast-global-color-5)","background-image":"","background-repeat":"repeat","background-position":"center center","background-size":"auto","background-attachment":"scroll","background-type":"","background-media":"","overlay-type":"","overlay-color":"","overlay-opacity":"","overlay-gradient":""},"mobile":{"background-color":"var(--ast-global-color-5)","background-image":"","background-repeat":"repeat","background-position":"center center","background-size":"auto","background-attachment":"scroll","background-type":"","background-media":"","overlay-type":"","overlay-color":"","overlay-opacity":"","overlay-gradient":""}},"footnotes":""},"class_list":["post-1105","page","type-page","status-publish","hentry"],"_links":{"self":[{"href":"https:\/\/mfm-avocat.fr\/index.php\/wp-json\/wp\/v2\/pages\/1105","targetHints":{"allow":["GET"]}}],"collection":[{"href":"https:\/\/mfm-avocat.fr\/index.php\/wp-json\/wp\/v2\/pages"}],"about":[{"href":"https:\/\/mfm-avocat.fr\/index.php\/wp-json\/wp\/v2\/types\/page"}],"author":[{"embeddable":true,"href":"https:\/\/mfm-avocat.fr\/index.php\/wp-json\/wp\/v2\/users\/1"}],"replies":[{"embeddable":true,"href":"https:\/\/mfm-avocat.fr\/index.php\/wp-json\/wp\/v2\/comments?post=1105"}],"version-history":[{"count":48,"href":"https:\/\/mfm-avocat.fr\/index.php\/wp-json\/wp\/v2\/pages\/1105\/revisions"}],"predecessor-version":[{"id":1359,"href":"https:\/\/mfm-avocat.fr\/index.php\/wp-json\/wp\/v2\/pages\/1105\/revisions\/1359"}],"wp:attachment":[{"href":"https:\/\/mfm-avocat.fr\/index.php\/wp-json\/wp\/v2\/media?parent=1105"}],"curies":[{"name":"wp","href":"https:\/\/api.w.org\/{rel}","templated":true}]}}